{"id":433,"date":"2025-07-10T10:45:03","date_gmt":"2025-07-10T10:45:03","guid":{"rendered":"https:\/\/become-leadership.de\/impressum\/"},"modified":"2025-07-21T17:12:40","modified_gmt":"2025-07-21T17:12:40","slug":"impressum","status":"publish","type":"page","link":"https:\/\/become-leadership.de\/en\/impressum\/","title":{"rendered":"Impressum"},"content":{"rendered":"\t\t<div data-elementor-type=\"wp-page\" data-elementor-id=\"433\" class=\"elementor elementor-433 elementor-387\" data-elementor-post-type=\"page\">\n\t\t\t\t<div class=\"elementor-element elementor-element-d3cfb2d e-flex e-con-boxed e-con e-parent\" data-id=\"d3cfb2d\" data-element_type=\"container\" data-e-type=\"container\">\n\t\t\t\t\t<div class=\"e-con-inner\">\n\t\t\t\t<div class=\"elementor-element elementor-element-0244841 elementor-widget elementor-widget-heading\" data-id=\"0244841\" data-element_type=\"widget\" data-e-type=\"widget\" data-widget_type=\"heading.default\">\n\t\t\t\t<div class=\"elementor-widget-container\">\n\t\t\t\t\t<h2 class=\"elementor-heading-title elementor-size-default\">Impressum<\/h2>\t\t\t\t<\/div>\n\t\t\t\t<\/div>\n\t\t\t\t<div class=\"elementor-element elementor-element-7bafe15 elementor-widget__width-initial elementor-widget elementor-widget-text-editor\" data-id=\"7bafe15\" data-element_type=\"widget\" data-e-type=\"widget\" data-widget_type=\"text-editor.default\">\n\t\t\t\t<div class=\"elementor-widget-container\">\n\t\t\t\t\t\t\t\t\t<p class=\"p1\"><strong>Impressum<\/strong><\/p><p class=\"p2\">Christiane Hoppe<br>BECOME Leadership &#8211; Training, Beratung und Coaching f\u00fcr F\u00fchrungskr\u00e4fte und Unternehmen Sodentwiete 7<br>22337 Hamburg<\/p><p class=\"p3\"><b>Contact<\/b><\/p><p class=\"p2\">Telefon: 015110912398<br>E-Mail: mail@christiane-hoppe.de<\/p><p class=\"p3\"><b>Umsatzsteuer-ID<\/b><\/p><p class=\"p2\">Umsatzsteuer-Identifikationsnummer gem\u00e4\u00df \u00a7 27 a Umsatzsteuergesetz: DE333745625<\/p><p class=\"p3\"><b>Bildrechte:<\/b><\/p><p class=\"p1\">Ralf Kornmann<\/p><p class=\"p2\">https:\/\/www.ralfkornmann.com\/<\/p><p class=\"p3\"><b>Webseite Design und Umsetzung<\/b><\/p><p class=\"p1\">Juan Verdera (juanverdera.es)<\/p><p class=\"p1\"><b>Aufsichtsbeh\u00f6rde<\/b><\/p><p class=\"p1\">Steuerberaterkammer Hamburg Kurze M\u00fchren 3<br>20095 Hamburg<\/p><p class=\"p1\">https:\/\/www.stbk-hamburg.de\/<\/p><p class=\"p3\"><b>Berufsbezeichnung und berufsrechtliche Regelungen<\/b><\/p><p class=\"p1\">Berufsbezeichnung: Steuerberaterin<\/p><p class=\"p1\">Zust\u00e4ndige Kammer: Steuerberaterkammer Hamburg Kurze M\u00fchren 3<br>20095 Hamburg<\/p><p class=\"p1\">Verliehen in: Deutschland<\/p><p class=\"p3\"><b>Es gelten folgende berufsrechtliche Regelungen:<\/b><\/p><p class=\"p1\">Steuerberatungsgesetz (StBerG)<\/p><p class=\"p1\">Durchf\u00fchrungsverordnung (DVStB)<\/p><p class=\"p1\">Steuerberaterverg\u00fctungsverordnung (StBVV)<\/p><p class=\"p1\">Berufsordnung der Bundessteuerberaterkammer inklusive Fachberaterordnung<\/p><p class=\"p1\">Die Regelungen sind einsehbar unter: https:\/\/www.bstbk.de\/de\/<\/p><p class=\"p3\"><b>Angaben zur Berufshaftpflichtversicherung<\/b><\/p><p class=\"p1\"><b>Name und Sitz des Versicherers:<\/b><\/p><p class=\"p1\">HDI Versicherung AG 30650 Hannover<\/p><p class=\"p1\"><b>Geltungsraum der Versicherung:<\/b><\/p><p class=\"p1\">Deutschland<\/p><p class=\"p4\"><b>Externe Links<\/b><\/p><p class=\"p1\">Diese Website enth\u00e4lt Verkn\u00fcpfungen zu Websites Dritter (\u201cexterne Links\u201d). Diese Websites unterliegen der Haftung der jeweiligen Betreiber. Der Anbieter hat bei der erstmaligen Verkn\u00fcpfung der externen Links die fremden Inhalte daraufhin \u00fcberpr\u00fcft, ob etwaige Rechtsverst\u00f6\u00dfe bestehen. Zu dem Zeitpunkt waren keine Rechtsverst\u00f6\u00dfe ersichtlich. Der Anbieter hat keinerlei Einfluss auf die aktuelle und zuk\u00fcnftige Gestaltung und auf die Inhalte der verkn\u00fcpften Seiten. Das Setzen von externen Links bedeutet nicht, dass sich der Anbieter die hinter dem Verweis oder Link liegenden Inhalte zu Eigen macht. Eine st\u00e4ndige Kontrolle der externen Links ist f\u00fcr den Anbieter ohne konkrete Hinweise auf Rechtsverst\u00f6\u00dfe nicht zumutbar. Bei Kenntnis von Rechtsverst\u00f6\u00dfen werden jedoch derartige externe Links unverz\u00fcglich gel\u00f6scht.       <\/p><p class=\"p4\"><b>Verbraucherstreitbeilegung\/Universalschlichtungsstelle<\/b><\/p><p class=\"p1\">Wir sind nicht bereit oder verpflichtet, an Streitbeilegungsverfahren vor einer Verbraucherschlichtungsstelle teilzunehmen.<\/p><p class=\"p4\"><b>Quelle:<\/b><\/p><p class=\"p1\">e-recht24.de<\/p>\t\t\t\t\t\t\t\t<\/div>\n\t\t\t\t<\/div>\n\t\t\t\t\t<\/div>\n\t\t\t\t<\/div>\n\t\t\t\t<\/div>\n\t\t","protected":false},"excerpt":{"rendered":"<p>Impressum Christiane HoppeBECOME Leadership &#8211; Training, Beratung und Coaching f\u00fcr F\u00fchrungskr\u00e4fte und Unternehmen Sodentwiete 722337 Hamburg Contact Telefon: 015110912398E-Mail: mail@christiane-hoppe.de Umsatzsteuer-ID Umsatzsteuer-Identifikationsnummer gem\u00e4\u00df \u00a7 27 a Umsatzsteuergesetz: DE333745625 Bildrechte: Ralf Kornmann https:\/\/www.ralfkornmann.com\/ Webseite Design und Umsetzung Juan Verdera (juanverdera.es) Aufsichtsbeh\u00f6rde Steuerberaterkammer Hamburg Kurze M\u00fchren 320095 Hamburg https:\/\/www.stbk-hamburg.de\/ Berufsbezeichnung und berufsrechtliche Regelungen Berufsbezeichnung: Steuerberaterin Zust\u00e4ndige Kammer: [&hellip;]<\/p>\n","protected":false},"author":2,"featured_media":0,"parent":0,"menu_order":0,"comment_status":"closed","ping_status":"closed","template":"","meta":{"footnotes":""},"class_list":["post-433","page","type-page","status-publish","hentry"],"_links":{"self":[{"href":"https:\/\/become-leadership.de\/en\/wp-json\/wp\/v2\/pages\/433","targetHints":{"allow":["GET"]}}],"collection":[{"href":"https:\/\/become-leadership.de\/en\/wp-json\/wp\/v2\/pages"}],"about":[{"href":"https:\/\/become-leadership.de\/en\/wp-json\/wp\/v2\/types\/page"}],"author":[{"embeddable":true,"href":"https:\/\/become-leadership.de\/en\/wp-json\/wp\/v2\/users\/2"}],"replies":[{"embeddable":true,"href":"https:\/\/become-leadership.de\/en\/wp-json\/wp\/v2\/comments?post=433"}],"version-history":[{"count":7,"href":"https:\/\/become-leadership.de\/en\/wp-json\/wp\/v2\/pages\/433\/revisions"}],"predecessor-version":[{"id":591,"href":"https:\/\/become-leadership.de\/en\/wp-json\/wp\/v2\/pages\/433\/revisions\/591"}],"wp:attachment":[{"href":"https:\/\/become-leadership.de\/en\/wp-json\/wp\/v2\/media?parent=433"}],"curies":[{"name":"wp","href":"https:\/\/api.w.org\/{rel}","templated":true}]}}